{"id":12,"date":"2015-09-20T18:49:43","date_gmt":"2015-09-20T17:49:43","guid":{"rendered":"http:\/\/www.radsportunion.at\/?page_id=12"},"modified":"2021-12-05T21:25:09","modified_gmt":"2021-12-05T20:25:09","slug":"verein","status":"publish","type":"page","link":"https:\/\/www.radsportunion.at\/?page_id=12","title":{"rendered":"Verein"},"content":{"rendered":"\n<figure class=\"wp-block-image\"><a href=\"http:\/\/www.radsportunion.at\/wp-content\/DSC8978_1.jpg\"><img loading=\"lazy\" decoding=\"async\" width=\"800\" height=\"533\" src=\"http:\/\/www.radsportunion.at\/wp-content\/DSC8978_1.jpg\" alt=\"\" class=\"wp-image-926\" srcset=\"https:\/\/www.radsportunion.at\/wp-content\/DSC8978_1.jpg 800w, https:\/\/www.radsportunion.at\/wp-content\/DSC8978_1-600x400.jpg 600w, https:\/\/www.radsportunion.at\/wp-content\/DSC8978_1-768x512.jpg 768w\" sizes=\"auto, (max-width: 800px) 100vw, 800px\" \/><\/a><\/figure>\n\n\n\n<p>Wir sind im Raum der Landeshauptstadt St. P\u00f6lten\u00a0der j\u00fcngsten Radsportverein. Bei uns gibt es zahlreiche Einsteiger die sich stetig in den verschiedensten Disziplinen\u00a0weiterentwickeln, wobei ein starker Schwerpunkt beim Cyclocross liegt. Weiters wird bei uns\u00a0Rennradsport in allen Sparten, wie Zeitfahren, Mountainbiken\u00a0und Triathlon ausge\u00fcbt.<br>Unser Verein unterliegt den Regeln des \u00d6RV und alle dazugeh\u00f6rigen Lizenzen k\u00f6nnen \u00fcber uns bezogen werden.<br>Ein besonders Anliegen ist uns die F\u00f6rderung der Kinder und Jugendlichen um ihnen die Freude am Radsport zu vermitteln.<\/p>\n\n\n\n<p>Seit&nbsp;der Gr\u00fcndung 2009 konnten&nbsp;wir erfolgreich jedes Jahr&nbsp;mindestens einen Staats-,&nbsp;Landesmeister und Medaillengewinner in einen der Kategorien des Radsportes stellen.<\/p>\n","protected":false},"excerpt":{"rendered":"<p>Wir sind im Raum der Landeshauptstadt St. P\u00f6lten\u00a0der j\u00fcngsten Radsportverein. Bei uns gibt es zahlreiche Einsteiger die sich stetig in den verschiedensten Disziplinen\u00a0weiterentwickeln, wobei ein starker Schwerpunkt beim Cyclocross liegt. Weiters wird bei uns\u00a0Rennradsport in allen Sparten, wie Zeitfahren, Mountainbiken\u00a0und Triathlon ausge\u00fcbt.Unser Verein unterliegt den Regeln des \u00d6RV und alle dazugeh\u00f6rigen Lizenzen k\u00f6nnen \u00fcber uns [&hellip;]<\/p>\n","protected":false},"author":1,"featured_media":0,"parent":0,"menu_order":0,"comment_status":"closed","ping_status":"closed","template":"","meta":{"footnotes":""},"class_list":["post-12","page","type-page","status-publish","hentry"],"_links":{"self":[{"href":"https:\/\/www.radsportunion.at\/index.php?rest_route=\/wp\/v2\/pages\/12","targetHints":{"allow":["GET"]}}],"collection":[{"href":"https:\/\/www.radsportunion.at\/index.php?rest_route=\/wp\/v2\/pages"}],"about":[{"href":"https:\/\/www.radsportunion.at\/index.php?rest_route=\/wp\/v2\/types\/page"}],"author":[{"embeddable":true,"href":"https:\/\/www.radsportunion.at\/index.php?rest_route=\/wp\/v2\/users\/1"}],"replies":[{"embeddable":true,"href":"https:\/\/www.radsportunion.at\/index.php?rest_route=%2Fwp%2Fv2%2Fcomments&post=12"}],"version-history":[{"count":13,"href":"https:\/\/www.radsportunion.at\/index.php?rest_route=\/wp\/v2\/pages\/12\/revisions"}],"predecessor-version":[{"id":3382,"href":"https:\/\/www.radsportunion.at\/index.php?rest_route=\/wp\/v2\/pages\/12\/revisions\/3382"}],"wp:attachment":[{"href":"https:\/\/www.radsportunion.at\/index.php?rest_route=%2Fwp%2Fv2%2Fmedia&parent=12"}],"curies":[{"name":"wp","href":"https:\/\/api.w.org\/{rel}","templated":true}]}}