{"id":2335,"date":"2020-04-08T21:52:00","date_gmt":"2020-04-08T20:52:00","guid":{"rendered":"http:\/\/www.radsportunion.at\/?page_id=2335"},"modified":"2025-03-18T08:27:41","modified_gmt":"2025-03-18T07:27:41","slug":"kids-bike-trophy","status":"publish","type":"page","link":"https:\/\/www.radsportunion.at\/?page_id=2335","title":{"rendered":"kids.bike.trophy"},"content":{"rendered":"\n<figure class=\"wp-block-image size-full is-style-default\"><img loading=\"lazy\" decoding=\"async\" width=\"1024\" height=\"683\" src=\"http:\/\/www.radsportunion.at\/wp-content\/DSC7021.jpeg\" alt=\"\" class=\"wp-image-3455\" srcset=\"https:\/\/www.radsportunion.at\/wp-content\/DSC7021.jpeg 1024w, https:\/\/www.radsportunion.at\/wp-content\/DSC7021-600x400.jpeg 600w, https:\/\/www.radsportunion.at\/wp-content\/DSC7021-768x512.jpeg 768w\" sizes=\"auto, (max-width: 1024px) 100vw, 1024px\" \/><\/figure>\n\n\n\n<p>Die RadsportUNION St. P\u00f6lten veranstaltet im Rahmen der <a aria-label=\"KidsBikeTrophy (\u00f6ffnet in neuem Tab)\" href=\"http:\/\/www.kidsbiketrophy.at\" target=\"_blank\" rel=\"noreferrer noopener\">KidsBikeTrophy<\/a> das Eisberg Rodeo am Samstag, 22.03.2025. Je nach Altersklasse werden verschiedene Herausforderungen gestellt, die von den jungen Athleten absolviert werden. Alle Information dazu finden ihr hier auf der <a href=\"https:\/\/www.radsportunion.at\/?page_id=2337\">kommenden Seite<\/a> aufgelistet.<\/p>\n\n\n\n<p>Wir w\u00fcnschen viel Spa\u00df und Erfolg!<\/p>\n\n\n\n<p>Die RadsportUNION St. P\u00f6lten<\/p>\n","protected":false},"excerpt":{"rendered":"<p>Die RadsportUNION St. P\u00f6lten veranstaltet im Rahmen der KidsBikeTrophy das Eisberg Rodeo am Samstag, 22.03.2025. Je nach Altersklasse werden verschiedene Herausforderungen gestellt, die von den jungen Athleten absolviert werden. Alle Information dazu finden ihr hier auf der kommenden Seite aufgelistet. Wir w\u00fcnschen viel Spa\u00df und Erfolg! Die RadsportUNION St. P\u00f6lten<\/p>\n","protected":false},"author":1,"featured_media":0,"parent":0,"menu_order":0,"comment_status":"closed","ping_status":"closed","template":"","meta":{"footnotes":""},"class_list":["post-2335","page","type-page","status-publish","hentry"],"_links":{"self":[{"href":"https:\/\/www.radsportunion.at\/index.php?rest_route=\/wp\/v2\/pages\/2335","targetHints":{"allow":["GET"]}}],"collection":[{"href":"https:\/\/www.radsportunion.at\/index.php?rest_route=\/wp\/v2\/pages"}],"about":[{"href":"https:\/\/www.radsportunion.at\/index.php?rest_route=\/wp\/v2\/types\/page"}],"author":[{"embeddable":true,"href":"https:\/\/www.radsportunion.at\/index.php?rest_route=\/wp\/v2\/users\/1"}],"replies":[{"embeddable":true,"href":"https:\/\/www.radsportunion.at\/index.php?rest_route=%2Fwp%2Fv2%2Fcomments&post=2335"}],"version-history":[{"count":18,"href":"https:\/\/www.radsportunion.at\/index.php?rest_route=\/wp\/v2\/pages\/2335\/revisions"}],"predecessor-version":[{"id":5001,"href":"https:\/\/www.radsportunion.at\/index.php?rest_route=\/wp\/v2\/pages\/2335\/revisions\/5001"}],"wp:attachment":[{"href":"https:\/\/www.radsportunion.at\/index.php?rest_route=%2Fwp%2Fv2%2Fmedia&parent=2335"}],"curies":[{"name":"wp","href":"https:\/\/api.w.org\/{rel}","templated":true}]}}