{"id":2337,"date":"2020-04-08T21:52:20","date_gmt":"2020-04-08T20:52:20","guid":{"rendered":"http:\/\/www.radsportunion.at\/?page_id=2337"},"modified":"2026-03-20T08:32:43","modified_gmt":"2026-03-20T07:32:43","slug":"bikevideo-technikbewerb","status":"publish","type":"page","link":"https:\/\/www.radsportunion.at\/?page_id=2337","title":{"rendered":"Eisberg Rodeo &#8211; 21.03.2026"},"content":{"rendered":"\n<h4 class=\"wp-block-heading\"><span style=\"background-color:rgba(0, 0, 0, 0)\" class=\"has-inline-color has-luminous-vivid-orange-color\">Programm<\/span><\/h4>\n\n\n\n<p>09:30 \u2013 10:30&nbsp;&nbsp;&nbsp; Startnummernabholung<br>10:30 \u2013 11:30&nbsp;&nbsp; &nbsp; Bewerbe<br>11:30 \u2013 11:45&nbsp; &nbsp;&nbsp; Siegerehrung<\/p>\n\n\n\n<hr class=\"wp-block-separator has-css-opacity\"\/>\n\n\n\n<h4 class=\"wp-block-heading\"><span style=\"background-color:rgba(0, 0, 0, 0)\" class=\"has-inline-color has-luminous-vivid-orange-color\">Alterklassen<\/span><\/h4>\n\n\n\n<ul class=\"wp-block-list\">\n<li>Kategorie 1&nbsp;&nbsp;&nbsp;&nbsp;&nbsp;Jahrgang 2015\/2016\/2017<\/li>\n\n\n\n<li>Kategorie 2&nbsp;&nbsp;&nbsp;&nbsp;&nbsp;Jahrgang 2018\/2019<\/li>\n\n\n\n<li>Kategorie 3&nbsp;&nbsp;&nbsp;&nbsp;&nbsp;Jahrgang 2020\/2021<\/li>\n\n\n\n<li>Kategorie 4&nbsp;&nbsp;&nbsp;&nbsp;&nbsp;Jahrgang 2022 und j\u00fcnger<\/li>\n<\/ul>\n\n\n\n<hr class=\"wp-block-separator has-css-opacity\"\/>\n\n\n\n<h4 class=\"wp-block-heading\"><span style=\"background-color:rgba(0, 0, 0, 0)\" class=\"has-inline-color has-luminous-vivid-orange-color\">Ablauf<\/span><\/h4>\n\n\n\n<p><strong>MTB Mini Enduro<\/strong><br><br>Die Kinder haben einzelne Sektoren zu bew\u00e4ltigen. Es gibt einen Teil, welcher Bergauf absolviert wird, im Anschluss eine Downhillpassage die mit H\u00fctchen oder Absperrband markiert ist.<br>Es gibt Sektoren in 4 Schwierigkeitsstufen (einfach bis schwer = gr\u00fcn bis schwarz), die der Altersklasse angepasst sind und auch zum Teil mit dem Laufrad bew\u00e4ltigt werden k\u00f6nnen. Die Sektoren ist mit der Farbe am Startbereich markiert. Jeder absolvierte Downhillsektor wird auf dem \u201eEisbergRodeo Pass\u201c markiert.<\/p>\n\n\n\n<hr class=\"wp-block-separator has-css-opacity\"\/>\n\n\n\n<h4 class=\"wp-block-heading\"><span style=\"background-color:rgba(0, 0, 0, 0)\" class=\"has-inline-color has-luminous-vivid-orange-color\">Anmeldung<\/span><\/h4>\n\n\n\n<p>Bitte bis Donnerstag, 19.3.2026 online\u00a0anmelden. Sp\u00e4tere Anmeldungen k\u00f6nnen aus technischen Gr\u00fcnden nicht ber\u00fccksichtigt werden.\u00a0<\/p>\n\n\n\n<hr class=\"wp-block-separator has-alpha-channel-opacity\"\/>\n\n\n\n<h4 class=\"wp-block-heading\"><span style=\"background-color:rgba(0, 0, 0, 0)\" class=\"has-inline-color has-luminous-vivid-orange-color\">Anmerkung<\/span><\/h4>\n\n\n\n<p>Das Tragen eines&nbsp;<strong><mark style=\"background-color:rgba(0, 0, 0, 0)\" class=\"has-inline-color has-luminous-vivid-orange-color\">Helmes<\/mark>&nbsp;<\/strong>und<strong>&nbsp;<\/strong>die Benutzung von<strong>&nbsp;<mark style=\"background-color:rgba(0, 0, 0, 0)\" class=\"has-inline-color has-luminous-vivid-orange-color\">Handschuhen<\/mark><\/strong>&nbsp;ist verpflichtend.&nbsp;<\/p>\n\n\n\n<hr class=\"wp-block-separator has-alpha-channel-opacity\"\/>\n\n\n\n<h4 class=\"wp-block-heading\"><span style=\"background-color:rgba(0, 0, 0, 0)\" class=\"has-inline-color has-luminous-vivid-orange-color\">Wertung und Siegerehrung<\/span><\/h4>\n\n\n\n<p>Jedes teilnehmende Kind erh\u00e4lt f\u00fcr das Erreichen des Ziels 2 Punkte. Bei einer Aufgabe durch Sturz oder Defekt wird 1 Punkt vergeben. Die Gesamtsiegerehrung findet im Rahmen des Abschlussevents statt<br>Jedes Kind bekommt nach der Veranstaltung einen Preis.<\/p>\n\n\n\n<hr class=\"wp-block-separator has-css-opacity\"\/>\n\n\n\n<h4 class=\"wp-block-heading\"><span style=\"background-color:rgba(0, 0, 0, 0)\" class=\"has-inline-color has-luminous-vivid-orange-color\">Veranstaltungsort<\/span><\/h4>\n\n\n\n<p><a href=\"https:\/\/www.google.com\/maps\/place\/Eisbergpark\/@48.2053606,15.6043008,17z\/data=!3m1!4b1!4m6!3m5!1s0x4772795a9b14505f:0xec5ee60682e39dba!8m2!3d48.2053571!4d15.6068757!16s%2Fg%2F11qydkp379?entry=ttu\" target=\"_blank\" rel=\"noreferrer noopener\">3100 St. P\u00f6lten, Eisbergspitze<\/a><\/p>\n","protected":false},"excerpt":{"rendered":"<p>Programm 09:30 \u2013 10:30&nbsp;&nbsp;&nbsp; Startnummernabholung10:30 \u2013 11:30&nbsp;&nbsp; &nbsp; Bewerbe11:30 \u2013 11:45&nbsp; &nbsp;&nbsp; Siegerehrung Alterklassen Ablauf MTB Mini Enduro Die Kinder haben einzelne Sektoren zu bew\u00e4ltigen. Es gibt einen Teil, welcher Bergauf absolviert wird, im Anschluss eine Downhillpassage die mit H\u00fctchen oder Absperrband markiert ist.Es gibt Sektoren in 4 Schwierigkeitsstufen (einfach bis schwer = gr\u00fcn bis [&hellip;]<\/p>\n","protected":false},"author":1,"featured_media":0,"parent":2335,"menu_order":0,"comment_status":"closed","ping_status":"closed","template":"","meta":{"footnotes":""},"class_list":["post-2337","page","type-page","status-publish","hentry"],"_links":{"self":[{"href":"https:\/\/www.radsportunion.at\/index.php?rest_route=\/wp\/v2\/pages\/2337","targetHints":{"allow":["GET"]}}],"collection":[{"href":"https:\/\/www.radsportunion.at\/index.php?rest_route=\/wp\/v2\/pages"}],"about":[{"href":"https:\/\/www.radsportunion.at\/index.php?rest_route=\/wp\/v2\/types\/page"}],"author":[{"embeddable":true,"href":"https:\/\/www.radsportunion.at\/index.php?rest_route=\/wp\/v2\/users\/1"}],"replies":[{"embeddable":true,"href":"https:\/\/www.radsportunion.at\/index.php?rest_route=%2Fwp%2Fv2%2Fcomments&post=2337"}],"version-history":[{"count":34,"href":"https:\/\/www.radsportunion.at\/index.php?rest_route=\/wp\/v2\/pages\/2337\/revisions"}],"predecessor-version":[{"id":5086,"href":"https:\/\/www.radsportunion.at\/index.php?rest_route=\/wp\/v2\/pages\/2337\/revisions\/5086"}],"up":[{"embeddable":true,"href":"https:\/\/www.radsportunion.at\/index.php?rest_route=\/wp\/v2\/pages\/2335"}],"wp:attachment":[{"href":"https:\/\/www.radsportunion.at\/index.php?rest_route=%2Fwp%2Fv2%2Fmedia&parent=2337"}],"curies":[{"name":"wp","href":"https:\/\/api.w.org\/{rel}","templated":true}]}}